{"id":171,"date":"2025-10-06T16:46:00","date_gmt":"2025-10-06T16:46:00","guid":{"rendered":"https:\/\/clarabayharborisland.com\/?page_id=171"},"modified":"2025-10-10T11:45:33","modified_gmt":"2025-10-10T11:45:33","slug":"ubicacion","status":"publish","type":"page","link":"https:\/\/williamresidences.com\/es\/ubicacion\/","title":{"rendered":"Ubicaci\u00f3n"},"content":{"rendered":"<p>[et_pb_section fb_built=&#8221;1&#8243; custom_padding_last_edited=&#8221;on|phone&#8221; _builder_version=&#8221;4.27.4&#8243; _module_preset=&#8221;default&#8221; background_color=&#8221;rgba(0,0,0,0.48)&#8221; background_image=&#8221;https:\/\/williamresidences.com\/es\/wp-content\/uploads\/the-william_hero.jpg&#8221; background_blend=&#8221;overlay&#8221; custom_padding=&#8221;90px||90px|||&#8221; custom_padding_tablet=&#8221;90px||90px|||&#8221; custom_padding_phone=&#8221;50px||50px||true|false&#8221; global_colors_info=&#8221;{}&#8221;][et_pb_row _builder_version=&#8221;4.17.4&#8243; _module_preset=&#8221;default&#8221; global_colors_info=&#8221;{}&#8221;][et_pb_column type=&#8221;4_4&#8243; _builder_version=&#8221;4.17.4&#8243; _module_preset=&#8221;default&#8221; global_colors_info=&#8221;{}&#8221;][et_pb_text _builder_version=&#8221;4.27.4&#8243; _module_preset=&#8221;default&#8221; header_font=&#8221;|700||on|||||&#8221; header_text_align=&#8221;center&#8221; header_text_color=&#8221;#FFFFFF&#8221; header_font_size=&#8221;50px&#8221; header_2_font=&#8221;|700||on|||||&#8221; header_2_text_align=&#8221;center&#8221; header_2_text_color=&#8221;#FFFFFF&#8221; header_2_font_size=&#8221;40px&#8221; hover_enabled=&#8221;0&#8243; header_font_size_tablet=&#8221;50px&#8221; header_font_size_phone=&#8221;30px&#8221; header_font_size_last_edited=&#8221;on|phone&#8221; header_text_shadow_style=&#8221;preset3&#8243; header_text_shadow_blur_strength=&#8221;0.69em&#8221; header_text_shadow_color=&#8221;#000000&#8243; global_colors_info=&#8221;{}&#8221; sticky_enabled=&#8221;0&#8243;]<\/p>\n<h1>The William<\/h1>\n<h1>Ubicaci\u00f3n<\/h1>\n<p>[\/et_pb_text][\/et_pb_column][\/et_pb_row][\/et_pb_section][et_pb_section fb_built=&#8221;1&#8243; _builder_version=&#8221;4.22.1&#8243; _module_preset=&#8221;default&#8221; background_color=&#8221;RGBA(255,255,255,0)&#8221; global_colors_info=&#8221;{}&#8221;][et_pb_row use_custom_gutter=&#8221;on&#8221; gutter_width=&#8221;2&#8243; _builder_version=&#8221;4.27.4&#8243; _module_preset=&#8221;default&#8221; width=&#8221;90%&#8221; max_width=&#8221;90%&#8221; custom_margin=&#8221;-44px|auto||auto||&#8221; global_colors_info=&#8221;{}&#8221;][et_pb_column type=&#8221;4_4&#8243; _builder_version=&#8221;4.20.2&#8243; _module_preset=&#8221;default&#8221; global_colors_info=&#8221;{}&#8221;][et_pb_text _builder_version=&#8221;4.27.4&#8243; _module_preset=&#8221;default&#8221; text_text_color=&#8221;#000000&#8243; header_font=&#8221;|700||on|||||&#8221; header_text_align=&#8221;center&#8221; header_font_size=&#8221;35px&#8221; header_line_height=&#8221;1.5em&#8221; hover_enabled=&#8221;0&#8243; global_colors_info=&#8221;{}&#8221; sticky_enabled=&#8221;0&#8243;]<\/p>\n<h1>The William Ubicaci\u00f3n<\/h1>\n<p>Con una ubicaci\u00f3n ideal entre la I-95 y el Oc\u00e9ano Atl\u00e1ntico, The William ofrece f\u00e1cil acceso a las principales autopistas y playas cercanas. Los residentes pueden disfrutar de la proximidad a las tiendas de lujo de Aventura Mall y Bal Harbour Shops, adem\u00e1s de las opciones recreativas del Parque Estatal Oleta River y la atenci\u00f3n m\u00e9dica de primer nivel del Centro M\u00e9dico UHealth SoL\u00e9Mia.<\/p>\n<p>North Miami Beach es una comunidad din\u00e1mica y en constante evoluci\u00f3n que ofrece a sus residentes una combinaci\u00f3n de comodidad urbana y belleza natural. La zona ofrece una combinaci\u00f3n de actividades al aire libre, restaurantes de primer nivel, tiendas exclusivas y atracciones culturales, todo a poca distancia. Conocida por su vibrante estilo de vida, North Miami Beach es el lugar perfecto para quienes buscan tranquilidad y emoci\u00f3n.<\/p>\n<p>[\/et_pb_text][\/et_pb_column][\/et_pb_row][et_pb_row _builder_version=&#8221;4.27.4&#8243; _module_preset=&#8221;default&#8221; width=&#8221;90%&#8221; max_width=&#8221;90%&#8221; custom_margin=&#8221;-25px|auto||auto||&#8221; global_colors_info=&#8221;{}&#8221;][et_pb_column type=&#8221;4_4&#8243; _builder_version=&#8221;4.24.2&#8243; _module_preset=&#8221;default&#8221; global_colors_info=&#8221;{}&#8221;][et_pb_image src=&#8221;https:\/\/williamresidences.com\/es\/wp-content\/uploads\/the-william_location-1.jpg&#8221; title_text=&#8221;the-william_location&#8221; align=&#8221;center&#8221; _builder_version=&#8221;4.27.4&#8243; _module_preset=&#8221;default&#8221; global_colors_info=&#8221;{}&#8221;][\/et_pb_image][\/et_pb_column][\/et_pb_row][\/et_pb_section][et_pb_section fb_built=&#8221;1&#8243; _builder_version=&#8221;4.22.1&#8243; _module_preset=&#8221;default&#8221; background_color=&#8221;#f7f7f9&#8243; global_colors_info=&#8221;{}&#8221;][et_pb_row _builder_version=&#8221;4.17.4&#8243; _module_preset=&#8221;default&#8221; width=&#8221;90%&#8221; max_width=&#8221;1400px&#8221; custom_margin=&#8221;-55px|auto||auto||&#8221; custom_padding=&#8221;0px|||||&#8221; global_colors_info=&#8221;{}&#8221;][et_pb_column type=&#8221;4_4&#8243; _builder_version=&#8221;4.17.4&#8243; _module_preset=&#8221;default&#8221; global_colors_info=&#8221;{}&#8221;][et_pb_text _builder_version=&#8221;4.27.4&#8243; _module_preset=&#8221;default&#8221; header_2_font=&#8221;|700||on|||||&#8221; header_2_text_align=&#8221;center&#8221; header_2_text_color=&#8221;#192c57&#8243; header_2_font_size=&#8221;42px&#8221; custom_margin=&#8221;12px|||||&#8221; hover_enabled=&#8221;0&#8243; header_2_font_size_tablet=&#8221;32px&#8221; header_2_font_size_phone=&#8221;&#8221; header_2_font_size_last_edited=&#8221;on|desktop&#8221; global_colors_info=&#8221;{}&#8221; sticky_enabled=&#8221;0&#8243;]<\/p>\n<h2 class=\"has-text-align-center has-black-color has-text-color has-large-font-size\">Mapa<\/h2>\n<p>[\/et_pb_text][et_pb_code _builder_version=&#8221;4.27.4&#8243; _module_preset=&#8221;default&#8221; global_colors_info=&#8221;{}&#8221;]<iframe src=\"https:\/\/www.google.com\/maps\/embed?pb=!1m18!1m12!1m3!1d3209.836331775825!2d-80.1591108!3d25.925741900000002!2m3!1f0!2f0!3f0!3m2!1i1024!2i768!4f13.1!3m3!1m2!1s0x88d9adbbe6edc013%3A0x1be659faff986d8!2s2040%20NE%20163rd%20St%2C%20North%20Miami%20Beach%2C%20FL%2033162%2C%20USA!5e1!3m2!1sen!2sbd!4v1759760253889!5m2!1sen!2sbd\" width=\"100%\" height=\"450\" style=\"border:0;\" allowfullscreen=\"\" loading=\"lazy\" referrerpolicy=\"no-referrer-when-downgrade\"><\/iframe> [\/et_pb_code][\/et_pb_column][\/et_pb_row][\/et_pb_section]<\/p>\n","protected":false},"excerpt":{"rendered":"<p>The William Ubicaci\u00f3nThe William Ubicaci\u00f3n Con una ubicaci\u00f3n ideal entre la I-95 y el Oc\u00e9ano Atl\u00e1ntico, The William ofrece f\u00e1cil acceso a las principales autopistas y playas cercanas. Los residentes pueden disfrutar de la proximidad a las tiendas de lujo de Aventura Mall y Bal Harbour Shops, adem\u00e1s de las opciones recreativas del Parque Estatal [&hellip;]<\/p>\n","protected":false},"author":1,"featured_media":2518,"parent":0,"menu_order":0,"comment_status":"closed","ping_status":"closed","template":"","meta":{"_et_pb_use_builder":"on","_et_pb_old_content":"","_et_gb_content_width":"","footnotes":""},"class_list":["post-171","page","type-page","status-publish","has-post-thumbnail","hentry"],"_links":{"self":[{"href":"https:\/\/williamresidences.com\/es\/wp-json\/wp\/v2\/pages\/171","targetHints":{"allow":["GET"]}}],"collection":[{"href":"https:\/\/williamresidences.com\/es\/wp-json\/wp\/v2\/pages"}],"about":[{"href":"https:\/\/williamresidences.com\/es\/wp-json\/wp\/v2\/types\/page"}],"author":[{"embeddable":true,"href":"https:\/\/williamresidences.com\/es\/wp-json\/wp\/v2\/users\/1"}],"replies":[{"embeddable":true,"href":"https:\/\/williamresidences.com\/es\/wp-json\/wp\/v2\/comments?post=171"}],"version-history":[{"count":53,"href":"https:\/\/williamresidences.com\/es\/wp-json\/wp\/v2\/pages\/171\/revisions"}],"predecessor-version":[{"id":2617,"href":"https:\/\/williamresidences.com\/es\/wp-json\/wp\/v2\/pages\/171\/revisions\/2617"}],"wp:featuredmedia":[{"embeddable":true,"href":"https:\/\/williamresidences.com\/es\/wp-json\/wp\/v2\/media\/2518"}],"wp:attachment":[{"href":"https:\/\/williamresidences.com\/es\/wp-json\/wp\/v2\/media?parent=171"}],"curies":[{"name":"wp","href":"https:\/\/api.w.org\/{rel}","templated":true}]}}