{"id":385,"date":"2025-10-06T07:50:00","date_gmt":"2025-10-06T07:50:00","guid":{"rendered":"https:\/\/clarabayharborisland.com\/?page_id=385"},"modified":"2025-10-10T11:41:15","modified_gmt":"2025-10-10T11:41:15","slug":"equipo","status":"publish","type":"page","link":"https:\/\/williamresidences.com\/es\/equipo\/","title":{"rendered":"Equipo"},"content":{"rendered":"<p>[et_pb_section fb_built=&#8221;1&#8243; custom_padding_last_edited=&#8221;on|phone&#8221; _builder_version=&#8221;4.27.4&#8243; _module_preset=&#8221;default&#8221; background_color=&#8221;rgba(0,0,0,0.7)&#8221; background_image=&#8221;https:\/\/williamresidences.com\/es\/wp-content\/uploads\/the-william_hero.jpg&#8221; background_blend=&#8221;overlay&#8221; custom_padding=&#8221;90px||90px|||&#8221; custom_padding_tablet=&#8221;90px||90px|||&#8221; custom_padding_phone=&#8221;50px||50px||true|false&#8221; global_colors_info=&#8221;{}&#8221;][et_pb_row _builder_version=&#8221;4.17.4&#8243; _module_preset=&#8221;default&#8221; global_colors_info=&#8221;{}&#8221;][et_pb_column type=&#8221;4_4&#8243; _builder_version=&#8221;4.17.4&#8243; _module_preset=&#8221;default&#8221; global_colors_info=&#8221;{}&#8221;][et_pb_text _builder_version=&#8221;4.27.4&#8243; _module_preset=&#8221;default&#8221; text_font=&#8221;|600|||||||&#8221; text_text_color=&#8221;#FFFFFF&#8221; text_font_size=&#8221;25px&#8221; header_font=&#8221;|700||on|||||&#8221; header_text_align=&#8221;center&#8221; header_text_color=&#8221;#FFFFFF&#8221; header_font_size=&#8221;50px&#8221; text_orientation=&#8221;center&#8221; hover_enabled=&#8221;0&#8243; header_font_size_tablet=&#8221;50px&#8221; header_font_size_phone=&#8221;40px&#8221; header_font_size_last_edited=&#8221;on|phone&#8221; header_text_shadow_style=&#8221;preset3&#8243; header_text_shadow_blur_strength=&#8221;0.69em&#8221; header_text_shadow_color=&#8221;#000000&#8243; global_colors_info=&#8221;{}&#8221; sticky_enabled=&#8221;0&#8243;]<\/p>\n<h1>The William<\/h1>\n<h1>Equipo<\/h1>\n<p>&nbsp;[\/et_pb_text][\/et_pb_column][\/et_pb_row][\/et_pb_section][et_pb_section fb_built=&#8221;1&#8243; _builder_version=&#8221;4.22.1&#8243; _module_preset=&#8221;default&#8221; background_color=&#8221;#f7f7f9&#8243; custom_padding=&#8221;||2px|||&#8221; global_colors_info=&#8221;{}&#8221;][et_pb_row _builder_version=&#8221;4.24.2&#8243; _module_preset=&#8221;default&#8221; global_colors_info=&#8221;{}&#8221;][et_pb_column type=&#8221;4_4&#8243; _builder_version=&#8221;4.20.2&#8243; _module_preset=&#8221;default&#8221; global_colors_info=&#8221;{}&#8221;][et_pb_text _builder_version=&#8221;4.27.4&#8243; _module_preset=&#8221;default&#8221; text_font=&#8221;Adamina||||||||&#8221; text_text_color=&#8221;#000000&#8243; text_line_height=&#8221;1.8em&#8221; custom_margin=&#8221;-41px|||||&#8221; hover_enabled=&#8221;0&#8243; global_colors_info=&#8221;{}&#8221; sticky_enabled=&#8221;0&#8243;]<\/p>\n<p><strong>Equipo de Desarrollo<\/strong><\/p>\n<p>The William re\u00fane a un equipo visionario de l\u00edderes de la industria, cada uno de los cuales aporta su experiencia \u00fanica para dar forma a una experiencia residencial excepcional, definida por la artesan\u00eda, la innovaci\u00f3n y el dise\u00f1o atemporal.<\/p>\n<p>[\/et_pb_text][\/et_pb_column][\/et_pb_row][\/et_pb_section][et_pb_section fb_built=&#8221;1&#8243; _builder_version=&#8221;4.22.1&#8243; _module_preset=&#8221;default&#8221; background_color=&#8221;#f7f7f9&#8243; custom_padding=&#8221;||2px|||&#8221; global_colors_info=&#8221;{}&#8221;][et_pb_row _builder_version=&#8221;4.24.2&#8243; _module_preset=&#8221;default&#8221; global_colors_info=&#8221;{}&#8221;][et_pb_column type=&#8221;4_4&#8243; _builder_version=&#8221;4.20.2&#8243; _module_preset=&#8221;default&#8221; global_colors_info=&#8221;{}&#8221;][et_pb_text _builder_version=&#8221;4.27.4&#8243; _module_preset=&#8221;default&#8221; text_font=&#8221;Adamina||||||||&#8221; text_text_color=&#8221;#000000&#8243; text_line_height=&#8221;1.8em&#8221; header_3_font=&#8221;|700|||||||&#8221; custom_margin=&#8221;-41px|||||&#8221; hover_enabled=&#8221;0&#8243; global_colors_info=&#8221;{}&#8221; sticky_enabled=&#8221;0&#8243;]<\/p>\n<p><strong>Codesarrolladores \u2014 Blue Road e ILIA Development Group<\/strong><\/p>\n<p>Guiados por un compromiso compartido con la calidad y la durabilidad, Blue Road e ILIA Development Group unen sus fuerzas para hacer realidad The William. Blue Road, una firma con sede en Florida conocida por su enfoque pr\u00e1ctico y gesti\u00f3n interna desde la adquisici\u00f3n hasta la comercializaci\u00f3n, prioriza proyectos que ofrecen valor duradero y habitabilidad. En colaboraci\u00f3n con ellos, ILIA Development Group aporta m\u00e1s de cinco d\u00e9cadas de experiencia global en infraestructura, finanzas y bienes ra\u00edces. Liderada por el experimentado inversor Germ\u00e1n Osorio, ILIA aporta s\u00f3lidos recursos de capital y una visi\u00f3n a largo plazo centrada en un desarrollo impactante y sostenible. Juntas, estas dos firmas forman una base de estabilidad, creatividad e integridad.<\/p>\n<p><strong>Consultor de Dise\u00f1o \u2014 Carlos Ott<\/strong><\/p>\n<p>El reconocido arquitecto Carlos Ott aporta su toque internacionalmente aclamado a The William, imprimi\u00e9ndole sofisticaci\u00f3n escultural y una forma visionaria. Con m\u00e1s de cuarenta a\u00f1os de trayectoria y proyectos en los cinco continentes, los dise\u00f1os de Ott equilibran arte y funcionalidad, creando una arquitectura que se integra con el lugar, el prop\u00f3sito y el prestigio.<\/p>\n<p><strong>Arquitecto de Registro \u2014 Behar Font &amp; Partners<\/strong><\/p>\n<p>Con m\u00e1s de tres d\u00e9cadas de experiencia galardonada, Behar Font &amp; Partners convierte la visi\u00f3n en realidad. Su experiencia en arquitectura, planificaci\u00f3n y dise\u00f1o de interiores garantiza que cada espacio de The William sea elegante y eficiente, integr\u00e1ndose a la perfecci\u00f3n desde el concepto hasta la finalizaci\u00f3n.<\/p>\n<p><strong>Dise\u00f1o de Interiores \u2014 Urban Robot<\/strong><\/p>\n<p>Urban Robot, con sede en Miami, completa la colaboraci\u00f3n con interiores que difuminan los l\u00edmites entre dise\u00f1o y experiencia. Conocida por su enfoque multidisciplinario, la firma crea entornos tan emocionalmente atractivos como visualmente refinados, capturando el esp\u00edritu de la vida en Miami a trav\u00e9s de la creatividad, la comodidad y la conexi\u00f3n.<\/p>\n<p>Juntos, este equipo define a The William como un referente de sofisticaci\u00f3n moderna, donde el talento global y la sensibilidad local convergen para crear una residencia de significado perdurable.<\/p>\n<p>[\/et_pb_text][\/et_pb_column][\/et_pb_row][\/et_pb_section]<\/p>\n","protected":false},"excerpt":{"rendered":"<p>The William Equipo &nbsp;Equipo de Desarrollo The William re\u00fane a un equipo visionario de l\u00edderes de la industria, cada uno de los cuales aporta su experiencia \u00fanica para dar forma a una experiencia residencial excepcional, definida por la artesan\u00eda, la innovaci\u00f3n y el dise\u00f1o atemporal.Codesarrolladores \u2014 Blue Road e ILIA Development Group Guiados por un [&hellip;]<\/p>\n","protected":false},"author":1,"featured_media":2517,"parent":0,"menu_order":0,"comment_status":"closed","ping_status":"closed","template":"","meta":{"_et_pb_use_builder":"on","_et_pb_old_content":"","_et_gb_content_width":"","footnotes":""},"class_list":["post-385","page","type-page","status-publish","has-post-thumbnail","hentry"],"_links":{"self":[{"href":"https:\/\/williamresidences.com\/es\/wp-json\/wp\/v2\/pages\/385","targetHints":{"allow":["GET"]}}],"collection":[{"href":"https:\/\/williamresidences.com\/es\/wp-json\/wp\/v2\/pages"}],"about":[{"href":"https:\/\/williamresidences.com\/es\/wp-json\/wp\/v2\/types\/page"}],"author":[{"embeddable":true,"href":"https:\/\/williamresidences.com\/es\/wp-json\/wp\/v2\/users\/1"}],"replies":[{"embeddable":true,"href":"https:\/\/williamresidences.com\/es\/wp-json\/wp\/v2\/comments?post=385"}],"version-history":[{"count":64,"href":"https:\/\/williamresidences.com\/es\/wp-json\/wp\/v2\/pages\/385\/revisions"}],"predecessor-version":[{"id":2611,"href":"https:\/\/williamresidences.com\/es\/wp-json\/wp\/v2\/pages\/385\/revisions\/2611"}],"wp:featuredmedia":[{"embeddable":true,"href":"https:\/\/williamresidences.com\/es\/wp-json\/wp\/v2\/media\/2517"}],"wp:attachment":[{"href":"https:\/\/williamresidences.com\/es\/wp-json\/wp\/v2\/media?parent=385"}],"curies":[{"name":"wp","href":"https:\/\/api.w.org\/{rel}","templated":true}]}}