{"id":730,"date":"2025-10-06T06:31:16","date_gmt":"2025-10-06T06:31:16","guid":{"rendered":"https:\/\/galemiamihotelandresidences.com\/?page_id=730"},"modified":"2025-10-10T11:38:45","modified_gmt":"2025-10-10T11:38:45","slug":"comodidades","status":"publish","type":"page","link":"https:\/\/williamresidences.com\/es\/comodidades\/","title":{"rendered":"Comodidades"},"content":{"rendered":"<p>[et_pb_section fb_built=&#8221;1&#8243; custom_padding_last_edited=&#8221;on|phone&#8221; _builder_version=&#8221;4.27.4&#8243; _module_preset=&#8221;default&#8221; background_color=&#8221;rgba(0,0,0,0.61)&#8221; background_image=&#8221;https:\/\/williamresidences.com\/es\/wp-content\/uploads\/the-william_hero.jpg&#8221; background_blend=&#8221;overlay&#8221; custom_padding=&#8221;90px||90px|||&#8221; custom_padding_tablet=&#8221;90px||90px|||&#8221; custom_padding_phone=&#8221;50px||50px||true|false&#8221; global_colors_info=&#8221;{}&#8221;][et_pb_row _builder_version=&#8221;4.17.4&#8243; _module_preset=&#8221;default&#8221; global_colors_info=&#8221;{}&#8221;][et_pb_column type=&#8221;4_4&#8243; _builder_version=&#8221;4.17.4&#8243; _module_preset=&#8221;default&#8221; global_colors_info=&#8221;{}&#8221;][et_pb_text _builder_version=&#8221;4.27.4&#8243; _module_preset=&#8221;default&#8221; text_font=&#8221;|600|||||||&#8221; text_text_color=&#8221;#FFFFFF&#8221; text_font_size=&#8221;25px&#8221; header_font=&#8221;|700||on|||||&#8221; header_text_align=&#8221;center&#8221; header_text_color=&#8221;#FFFFFF&#8221; header_font_size=&#8221;50px&#8221; header_line_height=&#8221;1.5em&#8221; header_2_font_size=&#8221;45px&#8221; text_orientation=&#8221;center&#8221; hover_enabled=&#8221;0&#8243; header_font_size_tablet=&#8221;50px&#8221; header_font_size_phone=&#8221;30px&#8221; header_font_size_last_edited=&#8221;on|phone&#8221; header_text_shadow_style=&#8221;preset3&#8243; header_text_shadow_blur_strength=&#8221;0.69em&#8221; header_text_shadow_color=&#8221;#000000&#8243; global_colors_info=&#8221;{}&#8221; sticky_enabled=&#8221;0&#8243;]<\/p>\n<h1>The William<\/h1>\n<h1>Comodidades<\/h1>\n<p>[\/et_pb_text][\/et_pb_column][\/et_pb_row][\/et_pb_section][et_pb_section fb_built=&#8221;1&#8243; custom_padding_last_edited=&#8221;on|phone&#8221; module_id=&#8221;building-features&#8221; _builder_version=&#8221;4.27.4&#8243; _module_preset=&#8221;default&#8221; background_color=&#8221;RGBA(255,255,255,0)&#8221; custom_padding=&#8221;90px||2px|||&#8221; custom_padding_tablet=&#8221;90px||2px|||&#8221; custom_padding_phone=&#8221;||||false|false&#8221; global_colors_info=&#8221;{}&#8221;][et_pb_row column_structure=&#8221;3_5,2_5&#8243; _builder_version=&#8221;4.27.4&#8243; _module_preset=&#8221;default&#8221; width=&#8221;90%&#8221; max_width=&#8221;90%&#8221; custom_margin=&#8221;-69px|auto||auto||&#8221; custom_margin_tablet=&#8221;&#8221; custom_margin_phone=&#8221;||||false|false&#8221; custom_margin_last_edited=&#8221;on|phone&#8221; custom_padding=&#8221;0px||||false|false&#8221; global_colors_info=&#8221;{}&#8221;][et_pb_column type=&#8221;3_5&#8243; _builder_version=&#8221;4.20.2&#8243; _module_preset=&#8221;default&#8221; global_colors_info=&#8221;{}&#8221;][et_pb_text _builder_version=&#8221;4.27.4&#8243; _module_preset=&#8221;default&#8221; text_font=&#8221;Adamina||||||||&#8221; text_text_color=&#8221;#000000&#8243; text_line_height=&#8221;1.8em&#8221; header_2_font=&#8221;|700|||||||&#8221; header_2_font_size=&#8221;30px&#8221; header_2_line_height=&#8221;1.8em&#8221; custom_margin=&#8221;-1px||1px||false|false&#8221; custom_margin_tablet=&#8221;-1px||1px||false|false&#8221; custom_margin_phone=&#8221;-1px||1px||false|false&#8221; custom_margin_last_edited=&#8221;on|phone&#8221; hover_enabled=&#8221;0&#8243; global_colors_info=&#8221;{}&#8221; sticky_enabled=&#8221;0&#8243;]<\/p>\n<h2>Comodidades<\/h2>\n<ul>\n<li>26 pisos con 374 residencias cuidadosamente dise\u00f1adas<\/li>\n<li>Elegante dise\u00f1o exterior con lamas del reconocido arquitecto Carlos Ott<\/li>\n<li>Dos pisos completos con un total de 3770 m\u00b2 de comodidades y experiencias de estilo de vida<\/li>\n<li>Exuberantes jardines que evocan una sensaci\u00f3n de tranquilidad y renovaci\u00f3n<\/li>\n<li>Servicio de valet parking 24\/7<\/li>\n<li>Lobby de llegadas y espacio de galer\u00eda<\/li>\n<li>Obras de arte seleccionadas en las \u00e1reas comunes<\/li>\n<li>WiFi de alta velocidad en todas las \u00e1reas comunes<\/li>\n<li>Casillero inteligente para paquetes para entregas convenientes<\/li>\n<li>Siete pisos de estacionamiento seguro con estaciones de carga para veh\u00edculos el\u00e9ctricos<\/li>\n<li>Dise\u00f1o apto para mascotas con estaci\u00f3n para mascotas en la azotea<\/li>\n<li>\u00c1rea de recepci\u00f3n con personal profesional y conserjer\u00eda<\/li>\n<\/ul>\n<p>[\/et_pb_text][\/et_pb_column][et_pb_column type=&#8221;2_5&#8243; _builder_version=&#8221;4.20.2&#8243; _module_preset=&#8221;default&#8221; global_colors_info=&#8221;{}&#8221;][et_pb_image src=&#8221;https:\/\/williamresidences.com\/es\/wp-content\/uploads\/the-william_building.jpg&#8221; title_text=&#8221;the-william_building&#8221; _builder_version=&#8221;4.27.4&#8243; _module_preset=&#8221;default&#8221; global_colors_info=&#8221;{}&#8221;][\/et_pb_image][\/et_pb_column][\/et_pb_row][et_pb_row column_structure=&#8221;1_2,1_2&#8243; _builder_version=&#8221;4.27.4&#8243; _module_preset=&#8221;default&#8221; width=&#8221;90%&#8221; max_width=&#8221;90%&#8221; global_colors_info=&#8221;{}&#8221;][et_pb_column type=&#8221;1_2&#8243; _builder_version=&#8221;4.27.4&#8243; _module_preset=&#8221;default&#8221; global_colors_info=&#8221;{}&#8221;][et_pb_text _builder_version=&#8221;4.27.4&#8243; _module_preset=&#8221;default&#8221; text_text_color=&#8221;#000000&#8243; header_3_text_color=&#8221;#000000&#8243; hover_enabled=&#8221;0&#8243; global_colors_info=&#8221;{}&#8221; sticky_enabled=&#8221;0&#8243;]<\/p>\n<h3>Servicios en el piso 9<\/h3>\n<ul>\n<li>Piscina estilo resort y sol\u00e1rium<\/li>\n<li>Comedor al aire libre con barbacoa\/cocina de verano<\/li>\n<li>Bar al aire libre y sal\u00f3n con terraza y fogatas<\/li>\n<li>Gimnasio<\/li>\n<li>Estudio de yoga<\/li>\n<li>Zona de entrenamiento y recuperaci\u00f3n al aire libre<\/li>\n<li>Vestuarios<\/li>\n<li>Salas de tratamiento de spa disponibles para reserva privada<\/li>\n<li>Sala de coworking, terraza y biblioteca<\/li>\n<li>Sala de estar interior y cafeter\u00eda<\/li>\n<li>Mercado de autoservicio<\/li>\n<li>Sala de juegos interactiva y parque infantil<\/li>\n<\/ul>\n<p>[\/et_pb_text][\/et_pb_column][et_pb_column type=&#8221;1_2&#8243; _builder_version=&#8221;4.27.4&#8243; _module_preset=&#8221;default&#8221; global_colors_info=&#8221;{}&#8221;][et_pb_text _builder_version=&#8221;4.27.4&#8243; _module_preset=&#8221;default&#8221; text_text_color=&#8221;#000000&#8243; header_3_text_color=&#8221;#000000&#8243; hover_enabled=&#8221;0&#8243; global_colors_info=&#8221;{}&#8221; sticky_enabled=&#8221;0&#8243;]<\/p>\n<h3>Retiro en la azotea<\/h3>\n<ul>\n<li>Sal\u00f3n al atardecer y zona de hamacas<\/li>\n<li>Cocina de verano y comedor al aire libre<\/li>\n<li>Cancha de Pickleball<\/li>\n<li>Sal\u00f3n junto a la cancha y sala de juegos para socializar antes o despu\u00e9s<\/li>\n<li>Partidos de Pickleball o simplemente para relajarse en la azotea<\/li>\n<li>Sal\u00f3n Coral y bar interior: un espacio reservable para reuniones privadas y peque\u00f1os eventos para residentes<\/li>\n<li>Zona para mascotas y \u00e1rea de aseo<\/li>\n<\/ul>\n<p>[\/et_pb_text][\/et_pb_column][\/et_pb_row][\/et_pb_section][et_pb_section fb_built=&#8221;1&#8243; module_id=&#8221;building-features&#8221; _builder_version=&#8221;4.24.2&#8243; _module_preset=&#8221;default&#8221; background_color=&#8221;RGBA(255,255,255,0)&#8221; min_height=&#8221;705.2px&#8221; custom_margin=&#8221;30px|||||&#8221; custom_padding=&#8221;||2px|||&#8221; global_colors_info=&#8221;{}&#8221;][et_pb_row column_structure=&#8221;1_2,1_2&#8243; _builder_version=&#8221;4.27.2&#8243; _module_preset=&#8221;default&#8221; width=&#8221;90%&#8221; max_width=&#8221;90%&#8221; custom_margin=&#8221;-47px|auto||auto||&#8221; custom_padding=&#8221;||0px|||&#8221; global_colors_info=&#8221;{}&#8221;][et_pb_column type=&#8221;1_2&#8243; _builder_version=&#8221;4.20.2&#8243; _module_preset=&#8221;default&#8221; global_colors_info=&#8221;{}&#8221;][et_pb_image src=&#8221;https:\/\/gaiaresidences-hollywood.com\/wp-content\/uploads\/gaiaresidences-hollywood_living.jpg&#8221; title_text=&#8221;gaiaresidences-hollywood_living&#8221; _builder_version=&#8221;4.27.4&#8243; _module_preset=&#8221;default&#8221; global_colors_info=&#8221;{}&#8221;][\/et_pb_image][\/et_pb_column][et_pb_column type=&#8221;1_2&#8243; _builder_version=&#8221;4.20.2&#8243; _module_preset=&#8221;default&#8221; global_colors_info=&#8221;{}&#8221;][et_pb_text _builder_version=&#8221;4.27.4&#8243; _module_preset=&#8221;default&#8221; text_font=&#8221;Adamina||||||||&#8221; text_text_color=&#8221;#000000&#8243; text_line_height=&#8221;1.8em&#8221; header_2_font=&#8221;|700|||||||&#8221; header_2_font_size=&#8221;30px&#8221; header_2_line_height=&#8221;1.8em&#8221; custom_margin=&#8221;-10px|||||&#8221; custom_margin_tablet=&#8221;-80px|||||&#8221; custom_margin_phone=&#8221;1px||||false|false&#8221; custom_margin_last_edited=&#8221;on|phone&#8221; hover_enabled=&#8221;0&#8243; global_colors_info=&#8221;{}&#8221; sticky_enabled=&#8221;0&#8243;]<\/p>\n<h2>Caracter\u00edsticas de la residencia<\/h2>\n<ul>\n<li>Disponemos de estudios y apartamentos de tres habitaciones<\/li>\n<li>Ventanas de piso a techo que brindan luz natural y vistas<\/li>\n<li>Amplios balcones con barandillas de vidrio<\/li>\n<li>Pisos de porcelanato importado en toda la vivienda<\/li>\n<li>Lavadora y secadora en cada unidad<\/li>\n<\/ul>\n<p>[\/et_pb_text][\/et_pb_column][\/et_pb_row][et_pb_row column_structure=&#8221;1_2,1_2&#8243; _builder_version=&#8221;4.27.3&#8243; _module_preset=&#8221;default&#8221; width=&#8221;90%&#8221; max_width=&#8221;90%&#8221; global_colors_info=&#8221;{}&#8221;][et_pb_column type=&#8221;1_2&#8243; _builder_version=&#8221;4.27.3&#8243; _module_preset=&#8221;default&#8221; global_colors_info=&#8221;{}&#8221;][et_pb_text _builder_version=&#8221;4.27.4&#8243; _module_preset=&#8221;default&#8221; text_text_color=&#8221;#000000&#8243; header_font=&#8221;|700|||||||&#8221; header_text_color=&#8221;#000000&#8243; header_3_font=&#8221;|700|||||||&#8221; header_3_text_color=&#8221;#000000&#8243; hover_enabled=&#8221;0&#8243; global_colors_info=&#8221;{}&#8221; sticky_enabled=&#8221;0&#8243;]<\/p>\n<h3>Cocinas<\/h3>\n<ul>\n<li>Armarios Italkraft a medida con acabado en nogal tabaco, con puertas de vidrio tintado<\/li>\n<li>Grifer\u00eda de cromo negro cepillado de Hansgrohe<\/li>\n<li>Encimera de cuarzo y salpicadero sin juntas<\/li>\n<li>Cocina de vanguardia con electrodom\u00e9sticos Bosch integrados<\/li>\n<\/ul>\n<p>[\/et_pb_text][\/et_pb_column][et_pb_column type=&#8221;1_2&#8243; _builder_version=&#8221;4.27.3&#8243; _module_preset=&#8221;default&#8221; global_colors_info=&#8221;{}&#8221;][et_pb_text _builder_version=&#8221;4.27.4&#8243; _module_preset=&#8221;default&#8221; text_text_color=&#8221;#000000&#8243; header_font=&#8221;|700|||||||&#8221; header_text_color=&#8221;#000000&#8243; header_3_font=&#8221;|700|||||||&#8221; header_3_text_color=&#8221;#000000&#8243; hover_enabled=&#8221;0&#8243; global_colors_info=&#8221;{}&#8221; sticky_enabled=&#8221;0&#8243;]<\/p>\n<h3>Ba\u00f1os<\/h3>\n<ul>\n<li>Muebles contempor\u00e1neos Italkraft, dise\u00f1ados para brindar elegancia y funcionalidad duradera.<\/li>\n<li>Grifer\u00eda de cromo negro cepillado de Hansgrohe.<\/li>\n<li>Suelos y paredes de porcelanato importado.<\/li>\n<li>Encimera de cuarzo y protector contra salpicaduras sin juntas.<\/li>\n<\/ul>\n<p>[\/et_pb_text][\/et_pb_column][\/et_pb_row][\/et_pb_section]<\/p>\n","protected":false},"excerpt":{"rendered":"<p>The William ComodidadesComodidades 26 pisos con 374 residencias cuidadosamente dise\u00f1adas Elegante dise\u00f1o exterior con lamas del reconocido arquitecto Carlos Ott Dos pisos completos con un total de 3770 m\u00b2 de comodidades y experiencias de estilo de vida Exuberantes jardines que evocan una sensaci\u00f3n de tranquilidad y renovaci\u00f3n Servicio de valet parking 24\/7 Lobby de llegadas [&hellip;]<\/p>\n","protected":false},"author":1,"featured_media":2509,"parent":0,"menu_order":0,"comment_status":"closed","ping_status":"closed","template":"","meta":{"_et_pb_use_builder":"on","_et_pb_old_content":"","_et_gb_content_width":"","footnotes":""},"class_list":["post-730","page","type-page","status-publish","has-post-thumbnail","hentry"],"_links":{"self":[{"href":"https:\/\/williamresidences.com\/es\/wp-json\/wp\/v2\/pages\/730","targetHints":{"allow":["GET"]}}],"collection":[{"href":"https:\/\/williamresidences.com\/es\/wp-json\/wp\/v2\/pages"}],"about":[{"href":"https:\/\/williamresidences.com\/es\/wp-json\/wp\/v2\/types\/page"}],"author":[{"embeddable":true,"href":"https:\/\/williamresidences.com\/es\/wp-json\/wp\/v2\/users\/1"}],"replies":[{"embeddable":true,"href":"https:\/\/williamresidences.com\/es\/wp-json\/wp\/v2\/comments?post=730"}],"version-history":[{"count":66,"href":"https:\/\/williamresidences.com\/es\/wp-json\/wp\/v2\/pages\/730\/revisions"}],"predecessor-version":[{"id":2608,"href":"https:\/\/williamresidences.com\/es\/wp-json\/wp\/v2\/pages\/730\/revisions\/2608"}],"wp:featuredmedia":[{"embeddable":true,"href":"https:\/\/williamresidences.com\/es\/wp-json\/wp\/v2\/media\/2509"}],"wp:attachment":[{"href":"https:\/\/williamresidences.com\/es\/wp-json\/wp\/v2\/media?parent=730"}],"curies":[{"name":"wp","href":"https:\/\/api.w.org\/{rel}","templated":true}]}}